{"id":8842,"date":"2019-04-20T12:17:56","date_gmt":"2019-04-20T05:17:56","guid":{"rendered":"http:\/\/www.ggb.vn\/?page_id=8842"},"modified":"2019-04-22T15:04:20","modified_gmt":"2019-04-22T08:04:20","slug":"may-tao-nhip-tai-dong-bo-tim-co-khu-rung","status":"publish","type":"page","link":"https:\/\/www.ggb.vn\/?page_id=8842","title":{"rendered":"M\u00e1y t\u1ea1o nh\u1ecbp t\u00e1i \u0111\u1ed3ng b\u1ed9 tim c\u00f3 kh\u1eed rung"},"content":{"rendered":"\t<div class=\"vc_row wpb_row vc_row-fluid\"  >\n\t<div class=\"vc_col-sm-12 wpb_column vc_column_container \">\n\t\t<div class=\"wpb_wrapper\">\n\t\t\t\n\t<div class=\"wpb_text_column wpb_content_element \">\n\t\t<div class=\"wpb_wrapper\">\n\t\t\t<p>C\u00f4ng Ty C\u1ed5 ph\u1ea7n sinh H\u1ecdc Kim H\u00f2a ph\u00e1t l\u00e0 nh\u00e0 ph\u00e2n ph\u1ed1i c\u00e1c thi\u1ebft b\u1ecb \u0111i\u1ec1u tr\u1ecb \u00a0nh\u1ecbp tim c\u1ee7a h\u00e3ng Boston Scientific.<\/p>\n<h2><strong>M\u00c1Y T\u1ea0O NH\u1ecaP T\u00c1I \u0110\u1ed2NG B\u1ed8 TIM C\u00d3 KH\u1eec RUNG INOGEN X4 CRT-D<\/strong><\/h2>\n<p><strong>Ch\u1ec9 \u0110\u1ecbnh<\/strong><\/p>\n<p>D\u00f2ng m\u00e1y t\u00e1i \u0111\u1ed3ng b\u1ed9 tim c\u00f3 kh\u1eed rung Boston Scientific\u00a0 \u0111\u01b0\u1ee3c ch\u1ec9 \u0111\u1ecbnh \u0111\u1ec3 \u0111i\u1ec1u tr\u1ecb suy tim gi\u00fap b\u00eanh nh\u00e2n nh\u1eadn \u0111\u01b0\u1ee3c li\u1ec7u ph\u00e1p t\u1ed1i \u01b0u \u1ed5n \u0111\u1ecbnh, h\u1ed5 tr\u1ee3 \u0111i\u1ec1u tr\u1ecb n\u1ed9i khoa ,\u0111\u00e1p \u1ee9ng c\u00e1c \u0111i\u1ec1u ki\u1ec7n sau:<\/p>\n<ul>\n<li>Suy tim \u0111\u1ed9 3 -4,cung l\u01b0\u01a1ng tim \u0111\u00e1p \u1ee9ng th\u1ea5p EF &lt;30%,<\/li>\n<li>Block nh\u00e1nh tr\u00e1i LBBB v\u1edbi QRS &gt;120 ms\u00a0 ;<\/li>\n<li>Cung l\u01b0\u1ee3ng tim \u0111\u00e1p \u1ee9ng th\u1ea5p EF &lt; 30%\u00a0 v\u00e0 suy tim \u0111\u1ed9 2 (NYHA class II).<\/li>\n<li>Suy tim \u0111\u1ed9 I (NYHA class I) v\u00e0 Thi\u1ebfu m\u00e1u c\u1ee5c b\u1ed9, r\u1ed1i lo\u1ea1n nh\u1ecbp th\u1ea5t<a href=\"http:\/\/www.ggb.vn\/wp-content\/uploads\/Picture10.png\"><img loading=\"lazy\" decoding=\"async\" class=\"aligncenter size-full wp-image-8873\" src=\"http:\/\/www.ggb.vn\/wp-content\/uploads\/Picture10.png\" alt=\"Picture10\" width=\"156\" height=\"278\" \/><\/a><strong>\u0110\u1eb7c \u0111i\u1ec3m<\/strong><\/li>\n<\/ul>\n<ul>\n<li>\u0110i\u1ec7n c\u1ef1c th\u1ea5t tr\u00e1i 4 c\u1ef1c, 3D , \u0111\u1ea7u thon nh\u1ecdn 2.6F gi\u00fap t\u00ecm v\u1ecb tr\u00ed nhanh v\u00e0 ng\u01b0\u1ee1ng t\u1ea1o nh\u1ecbp t\u1ed1t v\u1edbi tu\u1ef3 ch\u1ecdn 17 Vect\u01a1<\/li>\n<li>Ch\u01b0\u01a1ng tr\u00ecnh theo d\u00f5i b\u1ec7nh l\u00fd t\u1eeb nh\u00e0 qua h\u1ec7 th\u1ed1ng vi\u1ec5n th\u00f4ng LATITUDE\u2122 NXT<\/li>\n<li>H\u1ed7 tr\u1ee3 chu\u1ea9n \u0111o\u00e1n m\u1edf r\u1ed9ng v\u1ec1 m\u1ee9c \u0111\u1ed9 v\u1eadn \u0111\u1ed9ng c\u01a1 th\u1ec3 ,t\u00ecnh tr\u1ea1ng c\u1ea3m x\u00fac ,c\u00e1c ch\u1ee9c n\u0103ng h\u00f4 h\u1ea5p \u2026t\u00ecnh tr\u1ea1ng\u00a0 suy tim th\u00f4ng qua b\u00e1o c\u00e1o \u201c ch\u1ee9ng ng\u01b0ng th\u1edf trong khi ng\u1ee7\u2019 (Sleep Apnea) v\u00e0 \u201c theo d\u00f5i nh\u1ecbp h\u00f4 h\u1ea5p h\u00e0ng ng\u00e0y\u201d<strong>(<\/strong>Respiratory Rate Trend<strong>)<\/strong><\/li>\n<li>Qu\u1ea3n l\u00fd lo\u1ea1n nh\u1ecbp: ph\u00f2ng ng\u1eeba v\u00e0 ch\u1ea5m d\u1ee9t c\u00e1c lo\u1ea1i lo\u1ea1n nh\u1ecbp tr\u00ean th\u1ea5t b\u1eb1ng c\u00e1c ch\u01b0\u01a1ng tr\u00ecnh t\u1ea1o nh\u1ecbp chuy\u00ean d\u1ee5ng<\/li>\n<li>Ch\u01b0\u01a1ng tr\u00ecnh \u201cS\u1ed1c ch\u00ednh x\u00e1c\u201d t\u1ed1i \u01b0u \u0111i\u1ec1u tr\u1ecb r\u1ed1i lo\u1ea1n nh\u1ecbp nhanh,tr\u00e1nh c\u00e1c s\u1ed1c kh\u00f4ng c\u1ea7n thi\u1ebft<\/li>\n<li>Ch\u01b0\u01a1ng tr\u00ecnh \u0111i\u1ec1u tr\u1ecb t\u00e1i \u0111\u1ed3ng b\u1ed9 tim th\u00f4ng minh \u0111\u00e1p \u1ee9ng t\u1eebng b\u1ec7nh l\u00fd c\u1ee5 th\u1ec1<\/li>\n<li>Ch\u1ee5p MRI to\u00e0n th\u00e2n \u0111\u1ebfn m\u1ee9c n\u0103ng l\u01b0\u1ee3ng cao nh\u1ea5t kh\u00f4ng gi\u1edbi h\u1ea1n th\u1eddi gian ch\u1ee5p<\/li>\n<li>C\u00f4ng ngh\u1ec7 Pin <strong>ENDURA<\/strong>LIFE\u2122 cho ph\u00e9p k\u00e9o d\u00e0i tu\u1ed5i th\u1ecd m\u00e1y d\u00e0i nh\u1ea5t (<a href=\"https:\/\/www.devicelongevity.com\/en-US\/cardiac-resynchronization-therapy-icddevices.html\">https:\/\/www.devicelongevity.com\/en-US\/cardiac-resynchronization-therapy-icddevices.html<\/a>)<\/li>\n<\/ul>\n\n\t\t<\/div> \n\t<\/div> \n\t\t<\/div> \n\t<\/div> \n<\/div><div class=\"opn-row-pre-element\" data-opn_enable_overlay=\"\" data-id=\"\" data-gutter=\"\"><\/div>\n","protected":false},"excerpt":{"rendered":"C\u00f4ng Ty C\u1ed5 ph\u1ea7n sinh H\u1ecdc Kim H\u00f2a ph\u00e1t l\u00e0 nh\u00e0 ph\u00e2n ph\u1ed1i c\u00e1c thi\u1ebft b\u1ecb \u0111i\u1ec1u tr\u1ecb \u00a0nh\u1ecbp tim c\u1ee7a h\u00e3ng Boston Scientific. M\u00c1Y T\u1ea0O NH\u1ecaP T\u00c1I \u0110\u1ed2NG B\u1ed8 TIM C\u00d3 KH\u1eec RUNG INOGEN X4 CRT-D Ch\u1ec9 \u0110\u1ecbnh D\u00f2ng m\u00e1y t\u00e1i \u0111\u1ed3ng b\u1ed9 tim c\u00f3 kh\u1eed rung Boston Scientific\u00a0 \u0111\u01b0\u1ee3c ch\u1ec9 \u0111\u1ecbnh \u0111\u1ec3 \u0111i\u1ec1u [...]","protected":false},"author":2,"featured_media":0,"parent":8805,"menu_order":0,"comment_status":"open","ping_status":"open","template":"","meta":{"footnotes":""},"class_list":["post-8842","page","type-page","status-publish","hentry"],"_links":{"self":[{"href":"https:\/\/www.ggb.vn\/index.php?rest_route=\/wp\/v2\/pages\/8842","targetHints":{"allow":["GET"]}}],"collection":[{"href":"https:\/\/www.ggb.vn\/index.php?rest_route=\/wp\/v2\/pages"}],"about":[{"href":"https:\/\/www.ggb.vn\/index.php?rest_route=\/wp\/v2\/types\/page"}],"author":[{"embeddable":true,"href":"https:\/\/www.ggb.vn\/index.php?rest_route=\/wp\/v2\/users\/2"}],"replies":[{"embeddable":true,"href":"https:\/\/www.ggb.vn\/index.php?rest_route=%2Fwp%2Fv2%2Fcomments&post=8842"}],"version-history":[{"count":2,"href":"https:\/\/www.ggb.vn\/index.php?rest_route=\/wp\/v2\/pages\/8842\/revisions"}],"predecessor-version":[{"id":8875,"href":"https:\/\/www.ggb.vn\/index.php?rest_route=\/wp\/v2\/pages\/8842\/revisions\/8875"}],"up":[{"embeddable":true,"href":"https:\/\/www.ggb.vn\/index.php?rest_route=\/wp\/v2\/pages\/8805"}],"wp:attachment":[{"href":"https:\/\/www.ggb.vn\/index.php?rest_route=%2Fwp%2Fv2%2Fmedia&parent=8842"}],"curies":[{"name":"wp","href":"https:\/\/api.w.org\/{rel}","templated":true}]}}