{"id":7640,"date":"2015-04-08T16:02:31","date_gmt":"2015-04-08T09:02:31","guid":{"rendered":"http:\/\/www.ggb.vn\/?page_id=7640"},"modified":"2021-07-20T08:50:48","modified_gmt":"2021-07-20T01:50:48","slug":"peripheral-balloon","status":"publish","type":"page","link":"https:\/\/www.ggb.vn\/?page_id=7640","title":{"rendered":"Peripheral Balloon"},"content":{"rendered":"<div class=\"vc_row wpb_row vc_row-fluid\"  >\n\t<div class=\"vc_col-sm-12 wpb_column vc_column_container \">\n\t\t<div class=\"wpb_wrapper\">\n\t\t\t<div class=\"wpb_revslider_element wpb_content_element\">\n<div id=\"rev_slider_9_1_wrapper\" class=\"rev_slider_wrapper fullwidthbanner-container\" style=\"margin:0px auto;background-color:#E9E9E9;padding:0px;margin-top:0px;margin-bottom:0px;max-height:450px;\">\n<!-- START REVOLUTION SLIDER 4.6.3 fullwidth mode -->\n\t<div id=\"rev_slider_9_1\" class=\"rev_slider fullwidthabanner\" style=\"display:none;max-height:450px;height:450px;\">\n<ul>\t<!-- SLIDE  -->\n\t<li data-transition=\"random-premium,random\" data-slotamount=\"7\" data-masterspeed=\"300\"  data-saveperformance=\"off\" >\n\t\t<!-- MAIN IMAGE -->\n\t\t<img decoding=\"async\" src=\"https:\/\/www.ggb.vn\/wp-content\/uploads\/dat-stent.jpg\"  alt=\"\"  data-bgposition=\"left top\" data-kenburns=\"on\" data-duration=\"9000\" data-ease=\"Linear.easeNone\" data-bgfit=\"100\" data-bgfitend=\"100\" data-bgpositionend=\"right bottom\">\n\t\t<!-- LAYERS -->\n\t<\/li>\n\t<!-- SLIDE  -->\n\t<li data-transition=\"random-premium,random\" data-slotamount=\"7\" data-masterspeed=\"300\"  data-saveperformance=\"off\" >\n\t\t<!-- MAIN IMAGE -->\n\t\t<img decoding=\"async\" src=\"https:\/\/www.ggb.vn\/wp-content\/uploads\/dat-stent.jpg\"  alt=\"\"  data-bgposition=\"left top\" data-kenburns=\"on\" data-duration=\"9000\" data-ease=\"Linear.easeNone\" data-bgfit=\"100\" data-bgfitend=\"100\" data-bgpositionend=\"right bottom\">\n\t\t<!-- LAYERS -->\n\t<\/li>\n<\/ul>\n<div class=\"tp-bannertimer\"><\/div>\t<\/div>\n\t\t\t\n\n\t\t\t<style scoped><\/style>\n\n\t\t\t<script type=\"text\/javascript\">\n\n\t\t\t\t\/******************************************\n\t\t\t\t\t-\tPREPARE PLACEHOLDER FOR SLIDER\t-\n\t\t\t\t******************************************\/\n\t\t\t\t\n\n\t\t\t\tvar setREVStartSize = function() {\n\t\t\t\t\tvar\ttpopt = new Object();\n\t\t\t\t\t\ttpopt.startwidth = 1349;\n\t\t\t\t\t\ttpopt.startheight = 450;\n\t\t\t\t\t\ttpopt.container = jQuery('#rev_slider_9_1');\n\t\t\t\t\t\ttpopt.fullScreen = \"off\";\n\t\t\t\t\t\ttpopt.forceFullWidth=\"off\";\n\n\t\t\t\t\ttpopt.container.closest(\".rev_slider_wrapper\").css({height:tpopt.container.height()});tpopt.width=parseInt(tpopt.container.width(),0);tpopt.height=parseInt(tpopt.container.height(),0);tpopt.bw=tpopt.width\/tpopt.startwidth;tpopt.bh=tpopt.height\/tpopt.startheight;if(tpopt.bh>tpopt.bw)tpopt.bh=tpopt.bw;if(tpopt.bh<tpopt.bw)tpopt.bw=tpopt.bh;if(tpopt.bw<tpopt.bh)tpopt.bh=tpopt.bw;if(tpopt.bh>1){tpopt.bw=1;tpopt.bh=1}if(tpopt.bw>1){tpopt.bw=1;tpopt.bh=1}tpopt.height=Math.round(tpopt.startheight*(tpopt.width\/tpopt.startwidth));if(tpopt.height>tpopt.startheight&&tpopt.autoHeight!=\"on\")tpopt.height=tpopt.startheight;if(tpopt.fullScreen==\"on\"){tpopt.height=tpopt.bw*tpopt.startheight;var cow=tpopt.container.parent().width();var coh=jQuery(window).height();if(tpopt.fullScreenOffsetContainer!=undefined){try{var offcontainers=tpopt.fullScreenOffsetContainer.split(\",\");jQuery.each(offcontainers,function(e,t){coh=coh-jQuery(t).outerHeight(true);if(coh<tpopt.minFullScreenHeight)coh=tpopt.minFullScreenHeight})}catch(e){}}tpopt.container.parent().height(coh);tpopt.container.height(coh);tpopt.container.closest(\".rev_slider_wrapper\").height(coh);tpopt.container.closest(\".forcefullwidth_wrapper_tp_banner\").find(\".tp-fullwidth-forcer\").height(coh);tpopt.container.css({height:\"100%\"});tpopt.height=coh;}else{tpopt.container.height(tpopt.height);tpopt.container.closest(\".rev_slider_wrapper\").height(tpopt.height);tpopt.container.closest(\".forcefullwidth_wrapper_tp_banner\").find(\".tp-fullwidth-forcer\").height(tpopt.height);}\n\t\t\t\t};\n\n\t\t\t\t\/* CALL PLACEHOLDER *\/\n\t\t\t\tsetREVStartSize();\n\n\n\t\t\t\tvar tpj=jQuery;\n\t\t\t\ttpj.noConflict();\n\t\t\t\tvar revapi9;\n\n\t\t\t\ttpj(document).ready(function() {\n\n\t\t\t\tif(tpj('#rev_slider_9_1').revolution == undefined){\n\t\t\t\t\trevslider_showDoubleJqueryError('#rev_slider_9_1');\n\t\t\t\t}else{\n\t\t\t\t   revapi9 = tpj('#rev_slider_9_1').show().revolution(\n\t\t\t\t\t{\t\n\t\t\t\t\t\t\t\t\t\t\t\tdottedOverlay:\"none\",\n\t\t\t\t\t\tdelay:9000,\n\t\t\t\t\t\tstartwidth:1349,\n\t\t\t\t\t\tstartheight:450,\n\t\t\t\t\t\thideThumbs:200,\n\n\t\t\t\t\t\tthumbWidth:100,\n\t\t\t\t\t\tthumbHeight:50,\n\t\t\t\t\t\tthumbAmount:1,\n\t\t\t\t\t\t\n\t\t\t\t\t\t\t\t\t\t\t\t\n\t\t\t\t\t\tsimplifyAll:\"off\",\n\n\t\t\t\t\t\tnavigationType:\"bullet\",\n\t\t\t\t\t\tnavigationArrows:\"solo\",\n\t\t\t\t\t\tnavigationStyle:\"round\",\n\n\t\t\t\t\t\ttouchenabled:\"on\",\n\t\t\t\t\t\tonHoverStop:\"on\",\n\t\t\t\t\t\tnextSlideOnWindowFocus:\"off\",\n\n\t\t\t\t\t\tswipe_threshold: 75,\n\t\t\t\t\t\tswipe_min_touches: 1,\n\t\t\t\t\t\tdrag_block_vertical: false,\n\t\t\t\t\t\t\n\t\t\t\t\t\t\t\t\t\t\t\t\n\t\t\t\t\t\t\t\t\t\t\t\t\n\t\t\t\t\t\tkeyboardNavigation:\"off\",\n\n\t\t\t\t\t\tnavigationHAlign:\"center\",\n\t\t\t\t\t\tnavigationVAlign:\"bottom\",\n\t\t\t\t\t\tnavigationHOffset:0,\n\t\t\t\t\t\tnavigationVOffset:20,\n\n\t\t\t\t\t\tsoloArrowLeftHalign:\"left\",\n\t\t\t\t\t\tsoloArrowLeftValign:\"center\",\n\t\t\t\t\t\tsoloArrowLeftHOffset:20,\n\t\t\t\t\t\tsoloArrowLeftVOffset:0,\n\n\t\t\t\t\t\tsoloArrowRightHalign:\"right\",\n\t\t\t\t\t\tsoloArrowRightValign:\"center\",\n\t\t\t\t\t\tsoloArrowRightHOffset:20,\n\t\t\t\t\t\tsoloArrowRightVOffset:0,\n\n\t\t\t\t\t\tshadow:0,\n\t\t\t\t\t\tfullWidth:\"on\",\n\t\t\t\t\t\tfullScreen:\"off\",\n\n\t\t\t\t\t\t\t\t\t\t\t\tspinner:\"spinner0\",\n\t\t\t\t\t\t\t\t\t\t\t\t\n\t\t\t\t\t\tstopLoop:\"off\",\n\t\t\t\t\t\tstopAfterLoops:-1,\n\t\t\t\t\t\tstopAtSlide:-1,\n\n\t\t\t\t\t\tshuffle:\"off\",\n\n\t\t\t\t\t\tautoHeight:\"off\",\n\t\t\t\t\t\tforceFullWidth:\"off\",\n\t\t\t\t\t\t\n\t\t\t\t\t\t\n\t\t\t\t\t\t\n\t\t\t\t\t\thideThumbsOnMobile:\"off\",\n\t\t\t\t\t\thideNavDelayOnMobile:1500,\n\t\t\t\t\t\thideBulletsOnMobile:\"off\",\n\t\t\t\t\t\thideArrowsOnMobile:\"off\",\n\t\t\t\t\t\thideThumbsUnderResolution:0,\n\n\t\t\t\t\t\t\t\t\t\t\t\thideSliderAtLimit:0,\n\t\t\t\t\t\thideCaptionAtLimit:0,\n\t\t\t\t\t\thideAllCaptionAtLilmit:0,\n\t\t\t\t\t\tstartWithSlide:0\t\t\t\t\t});\n\n\n\n\t\t\t\t\t\t\t\t\t}\n\t\t\t\t});\t\/*ready*\/\n\n\t\t\t<\/script>\n\n\n\t\t\t<\/div><!-- END REVOLUTION SLIDER --><\/div>\n\n\t\t<\/div> \n\t<\/div> \n<\/div><div class=\"opn-row-pre-element\" data-opn_enable_overlay=\"\" data-id=\"\" data-gutter=\"\"><\/div>\t<div class=\"vc_row wpb_row vc_row-fluid\"  >\n\t<div class=\"vc_col-sm-12 wpb_column vc_column_container \">\n\t\t<div class=\"wpb_wrapper\">\n\t\t\t<div class=\"vc_separator wpb_content_element vc_sep_width_100 vc_sep_border_width_4 vc_sep_pos_align_center vc_separator_no_text vc_sep_color_peacoc\">\n\t<span class=\"vc_sep_holder vc_sep_holder_l\"><span class=\"vc_sep_line\"><\/span><\/span>\n\t\t<span class=\"vc_sep_holder vc_sep_holder_r\"><span class=\"vc_sep_line\"><\/span><\/span>\n<\/div>\n\n\n\t\t<\/div> \n\t<\/div> \n<\/div><div class=\"opn-row-pre-element\" data-opn_enable_overlay=\"\" data-id=\"\" data-gutter=\"\"><\/div>\t<div class=\"vc_row wpb_row vc_row-fluid\"  >\n\t<div class=\"vc_col-sm-6 wpb_column vc_column_container \">\n\t\t<div class=\"wpb_wrapper\">\n\t\t\t\n\t<div class=\"wpb_text_column wpb_content_element \">\n\t\t<div class=\"wpb_wrapper\">\n\t\t\t<h3>B\u00f3ng nong m\u1ea1ch m\u00e1u ngo\u1ea1i bi\u00ean Cronus Advanced<\/h3>\n<p>C\u1ee1 3,4,5,6,7,8,9,10mm d\u00e0i 20,40,60,80,120,150, 200,250, 300mm. \u0110\u1eb7c bi\u1ec7t c\u00f3 c\u1ee1 12&#215;20,40mm. Guide 5F-7F.<br \/>\nB\u00f3ng \u0111\u1eb7c bi\u1ec7t duy nh\u1ea5t c\u00f3 \u0111\u1ed9 d\u00e0i t\u1edbi 300mm \u0111\u00e1p \u1ee9ng nhu c\u1ea7u \u0111i\u1ec1u tr\u1ecb c\u00e1c t\u1ed5n th\u01b0\u01a1ng r\u1ea5t d\u00e0i c\u1ee7a chi d\u01b0\u1edbi. H\u1ea1n ch\u1ebf nguy c\u01a1 b\u00f3c t\u00e1ch, tr\u00e1nh ph\u1ea3i nong nhi\u1ec1u l\u1ea7n<br \/>\nB\u00f3ng m\u1ec1m, low profile nh\u01b0ng \u0111\u1ea1t \u0111\u01b0\u1ee3c \u00e1p l\u1ef1c cao 11-12-14-15-16-17-18 bar.<br \/>\nChi\u1ec1u d\u00e0i h\u1ec7 th\u1ed1ng c\u1ee7a Catheter 80cm v\u00e0 130cm<\/p>\n\n\t\t<\/div> \n\t<\/div> \n\t\t<\/div> \n\t<\/div> \n\n\t<div class=\"vc_col-sm-6 wpb_column vc_column_container \">\n\t\t<div class=\"wpb_wrapper\">\n\t\t\t\n\t<div class=\"wpb_single_image wpb_content_element vc_align_left\">\n\t\t<div class=\"wpb_wrapper\">\n\t\t\t\n\t\t\t<div class=\"vc_single_image-wrapper   vc_box_border_grey\"><img loading=\"lazy\" decoding=\"async\" width=\"1024\" height=\"653\" src=\"https:\/\/www.ggb.vn\/wp-content\/uploads\/cronusAdvanced-1024x653.png\" class=\"vc_single_image-img attachment-full\" alt=\"\" srcset=\"https:\/\/www.ggb.vn\/wp-content\/uploads\/cronusAdvanced-1024x653.png 1024w, https:\/\/www.ggb.vn\/wp-content\/uploads\/cronusAdvanced-1024x653-300x191.png 300w\" sizes=\"auto, (max-width: 1024px) 100vw, 1024px\" \/><\/div>\n\t\t<\/div> \n\t<\/div> \n\t\t<\/div> \n\t<\/div> \n<\/div><div class=\"opn-row-pre-element\" data-opn_enable_overlay=\"\" data-id=\"\" data-gutter=\"\"><\/div>\t<div class=\"vc_row wpb_row vc_row-fluid\"  >\n\t<div class=\"vc_col-sm-12 wpb_column vc_column_container \">\n\t\t<div class=\"wpb_wrapper\">\n\t\t\t<div class=\"vc_separator wpb_content_element vc_sep_width_100 vc_sep_border_width_4 vc_sep_pos_align_center vc_separator_no_text vc_sep_color_peacoc\">\n\t<span class=\"vc_sep_holder vc_sep_holder_l\"><span class=\"vc_sep_line\"><\/span><\/span>\n\t\t<span class=\"vc_sep_holder vc_sep_holder_r\"><span class=\"vc_sep_line\"><\/span><\/span>\n<\/div>\n\n\n\t\t<\/div> \n\t<\/div> \n<\/div><div class=\"opn-row-pre-element\" data-opn_enable_overlay=\"\" data-id=\"\" data-gutter=\"\"><\/div>\t<div class=\"vc_row wpb_row vc_row-fluid\"  >\n\t<div class=\"vc_col-sm-6 wpb_column vc_column_container \">\n\t\t<div class=\"wpb_wrapper\">\n\t\t\t\n\t<div class=\"wpb_text_column wpb_content_element \">\n\t\t<div class=\"wpb_wrapper\">\n\t\t\t<p><img loading=\"lazy\" decoding=\"async\" class=\"alignnone\" src=\"http:\/\/rontismedical.com\/wp-content\/uploads\/2013\/12\/triton-BTK-1024x653.png\" alt=\"\" width=\"339\" height=\"216\" \/><\/p>\n\n\t\t<\/div> \n\t<\/div> \n\t\t<\/div> \n\t<\/div> \n\n\t<div class=\"vc_col-sm-6 wpb_column vc_column_container \">\n\t\t<div class=\"wpb_wrapper\">\n\t\t\t\n\t<div class=\"wpb_text_column wpb_content_element \">\n\t\t<div class=\"wpb_wrapper\">\n\t\t\t<h3>B\u00f3ng nong m\u1ea1ch m\u00e1u ngo\u1ea1i bi\u00ean d\u01b0\u1edbi g\u1ed1i Triton BTK<\/h3>\n<p>B\u00f3ng nong ngo\u1ea1i bi\u00ean \u0111\u01b0\u1ee3c l\u00e0m t\u1eeb ch\u1ea5t li\u1ec7u Modified polyamide, th\u00e0nh b\u00f3ng m\u1ecfng, ch\u1ed1ng tr\u1ea7y x\u01b0\u1edbc v\u00e0 ch\u1ecbu \u0111\u01b0\u1ee3c \u00e1p l\u1ef1c cao.<br \/>\n\u0110\u1ea7u tip ng\u1eafn, linh ho\u1ea1t 0.016&#8243; \u0111\u1ea3m b\u1ea3o \u0111\u1ecbnh h\u01b0\u1edbng d\u1ec5 d\u00e0ng.<br \/>\nB\u00f3ng g\u1ea5p 3 c\u00e1nh (3 fold) cho ph\u00e9p k\u00edch th\u01b0\u1edbc b\u00f3ng nh\u1ecf, d\u1ec5 d\u00e0ng \u0111i qua c\u00e1c t\u1ed5n th\u01b0\u01a1ng h\u1eb9p kh\u00edt, v\u00e0 g\u1ea5p l\u1ea1i ch\u1eb7t.<\/p>\n\n\t\t<\/div> \n\t<\/div> \n\t\t<\/div> \n\t<\/div> \n<\/div><div class=\"opn-row-pre-element\" data-opn_enable_overlay=\"\" data-id=\"\" data-gutter=\"\"><\/div>\t<div class=\"vc_row wpb_row vc_row-fluid\"  >\n\t<div class=\"vc_col-sm-12 wpb_column vc_column_container \">\n\t\t<div class=\"wpb_wrapper\">\n\t\t\t<div class=\"vc_separator wpb_content_element vc_sep_width_100 vc_sep_border_width_4 vc_sep_pos_align_center vc_separator_no_text vc_sep_color_peacoc\">\n\t<span class=\"vc_sep_holder vc_sep_holder_l\"><span class=\"vc_sep_line\"><\/span><\/span>\n\t\t<span class=\"vc_sep_holder vc_sep_holder_r\"><span class=\"vc_sep_line\"><\/span><\/span>\n<\/div>\n\n\n\t\t<\/div> \n\t<\/div> \n<\/div><div class=\"opn-row-pre-element\" data-opn_enable_overlay=\"\" data-id=\"\" data-gutter=\"\"><\/div>\t<div class=\"vc_row wpb_row vc_row-fluid\"  >\n\t<div class=\"vc_col-sm-6 wpb_column vc_column_container \">\n\t\t<div class=\"wpb_wrapper\">\n\t\t\t\n\t<div class=\"wpb_text_column wpb_content_element \">\n\t\t<div class=\"wpb_wrapper\">\n\t\t\t<h3>B\u00f3ng nong \u0111\u1ed9ng m\u1ea1ch ngo\u1ea1i bi\u00ean ph\u1ee7 thu\u1ed1c LEGFLOW<\/h3>\n<p>&#8211; B\u00f3ng ph\u1ee7 thu\u1ed1c Paclitaxel 3.0\u00b5g\/mm2<br \/>\n&#8211; C\u00f4ng ngh\u1ec7 ph\u1ee7 thu\u1ed1c \u0111\u1eb7c bi\u1ec7t cho k\u1ebft qu\u1ea3 l\u00e2m s\u00e0ng v\u01b0\u1ee3t tr\u1ed9i, gi\u1ea3m thi\u1ec3u kh\u1ea3 n\u0103ng huy\u1ebft kh\u1ed1i nh\u1ecf. B\u00f3ng c\u00f3 \u0111\u1eb7c t\u00ednh: m\u1ec1m m\u1ea1i, d\u1ec5 d\u00e0ng l\u00e1ch qua t\u1ed5n th\u01b0\u01a1ng, s\u1ee9c \u0111\u1ea9y t\u1edbi t\u1ed1t, \u00e1p l\u1ef1c cao.<br \/>\n&#8211; T\u01b0\u01a1ng th\u00edch guidewire 0.014&#8243;, 0.018&#8221;, 0.035&#8221;, lo\u1ea1i OTW ho\u1eb7c RX<br \/>\n&#8211; Ch\u1ea5t li\u1ec7u b\u00f3ng Polyamide<br \/>\n&#8211; \u00c1p su\u1ea5t v\u1ee1 b\u00f3ng t\u1eeb 12-16 atm.<br \/>\n&#8211; \u0110\u01b0\u1eddng k\u00ednh b\u00f3ng t\u1eeb 2-10mm, d\u00e0i t\u1eeb 20-150mm<br \/>\n&#8211; Ti\u00eau chu\u1ea9n k\u1ef9 thu\u1eadt: CE, ISO13485<\/p>\n\n\t\t<\/div> \n\t<\/div> \n\t\t<\/div> \n\t<\/div> \n\n\t<div class=\"vc_col-sm-6 wpb_column vc_column_container \">\n\t\t<div class=\"wpb_wrapper\">\n\t\t\t\n\t<div class=\"wpb_text_column wpb_content_element \">\n\t\t<div class=\"wpb_wrapper\">\n\t\t\t<p><a href=\"http:\/\/www.ggb.vn\/wp-content\/uploads\/Legflow3.jpg\"><img loading=\"lazy\" decoding=\"async\" class=\"alignnone size-full wp-image-8948\" src=\"http:\/\/www.ggb.vn\/wp-content\/uploads\/Legflow3.jpg\" alt=\"Legflow3\" width=\"1066\" height=\"654\" srcset=\"https:\/\/www.ggb.vn\/wp-content\/uploads\/Legflow3.jpg 1066w, https:\/\/www.ggb.vn\/wp-content\/uploads\/Legflow3-300x184.jpg 300w, https:\/\/www.ggb.vn\/wp-content\/uploads\/Legflow3-1024x628.jpg 1024w\" sizes=\"auto, (max-width: 1066px) 100vw, 1066px\" \/><\/a><a href=\"http:\/\/www.ggb.vn\/wp-content\/uploads\/Legflow3.jpg\"><br \/>\n<\/a><a href=\"http:\/\/www.ggb.vn\/wp-content\/uploads\/Legflow1.png\"><br \/>\n<\/a><\/p>\n\n\t\t<\/div> \n\t<\/div> \n\t\t<\/div> \n\t<\/div> \n<\/div><div class=\"opn-row-pre-element\" data-opn_enable_overlay=\"\" data-id=\"\" data-gutter=\"\"><\/div>\t<div class=\"vc_row wpb_row vc_row-fluid\"  >\n\t<div class=\"vc_col-sm-12 wpb_column vc_column_container \">\n\t\t<div class=\"wpb_wrapper\">\n\t\t\t<div class=\"vc_separator wpb_content_element vc_sep_width_100 vc_sep_border_width_4 vc_sep_pos_align_center vc_separator_no_text vc_sep_color_peacoc\">\n\t<span class=\"vc_sep_holder vc_sep_holder_l\"><span class=\"vc_sep_line\"><\/span><\/span>\n\t\t<span class=\"vc_sep_holder vc_sep_holder_r\"><span class=\"vc_sep_line\"><\/span><\/span>\n<\/div>\n\n\n\t\t<\/div> \n\t<\/div> \n<\/div><div class=\"opn-row-pre-element\" data-opn_enable_overlay=\"\" data-id=\"\" data-gutter=\"\"><\/div>\t<div class=\"vc_row wpb_row vc_row-fluid\"  >\n\t<div class=\"vc_col-sm-6 wpb_column vc_column_container \">\n\t\t<div class=\"wpb_wrapper\">\n\t\t\t\n\t<div class=\"wpb_text_column wpb_content_element \">\n\t\t<div class=\"wpb_wrapper\">\n\t\t\t<p><a href=\"http:\/\/www.ggb.vn\/wp-content\/uploads\/AV.jpg\"><img loading=\"lazy\" decoding=\"async\" class=\"alignnone size-full wp-image-8954\" src=\"http:\/\/www.ggb.vn\/wp-content\/uploads\/AV.jpg\" alt=\"AV\" width=\"580\" height=\"370\" srcset=\"https:\/\/www.ggb.vn\/wp-content\/uploads\/AV.jpg 580w, https:\/\/www.ggb.vn\/wp-content\/uploads\/AV-300x191.jpg 300w\" sizes=\"auto, (max-width: 580px) 100vw, 580px\" \/><\/a><\/p>\n\n\t\t<\/div> \n\t<\/div> \n\t\t<\/div> \n\t<\/div> \n\n\t<div class=\"vc_col-sm-6 wpb_column vc_column_container \">\n\t\t<div class=\"wpb_wrapper\">\n\t\t\t\n\t<div class=\"wpb_text_column wpb_content_element \">\n\t\t<div class=\"wpb_wrapper\">\n\t\t\t<h3>B\u00f3ng nong d\u00f9ng cho can thi\u1ec7p c\u1ea7u n\u1ed1i AV Shunt APERTO<\/h3>\n<p>&#8211; B\u00f3ng ph\u1ee7 thu\u1ed1c Paclitaxel 3.0\u00b5g\/mm2<br \/>\n&#8211; C\u00f4ng ngh\u1ec7 ph\u1ee7 thu\u1ed1c SAFEPAX \u0111\u1eb7c bi\u1ec7t v\u1edbi tinh th\u1ec3 thu\u1ed1c ch\u1ec9 0.1\u00b5m<br \/>\n&#8211; H\u1ec7 th\u1ed1ng mang b\u00f3ng l\u00e0 lo\u1ea1i OTW, d\u00e0i 40 cm<br \/>\n&#8211; Ch\u1ea5t li\u1ec7u b\u00f3ng Polyamide<br \/>\n&#8211; Chi\u1ec1u d\u00e0i \u0111\u1ea7u b\u00f3ng l\u00e0 5 mm<br \/>\n&#8211; T\u01b0\u01a1ng th\u00edch v\u1edbi c\u00e1c guidewire 0.035\u2019\u2019, sheath 6F ho\u1eb7c 7F.<br \/>\n&#8211; \u00c1p su\u1ea5t v\u1ee1 b\u00f3ng t\u1eeb 18-20 atm.<br \/>\n&#8211; \u0110\u01b0\u1eddng k\u00ednh b\u00f3ng t\u1eeb 5-8 mm, d\u00e0i t\u1eeb 20, 40, 60 mm<br \/>\n&#8211; Ti\u00eau chu\u1ea9n k\u1ef9 thu\u1eadt: CE, ISO13485<\/p>\n\n\t\t<\/div> \n\t<\/div> \n\t\t<\/div> \n\t<\/div> \n<\/div><div class=\"opn-row-pre-element\" data-opn_enable_overlay=\"\" data-id=\"\" data-gutter=\"\"><\/div>\t<div class=\"vc_row wpb_row vc_row-fluid\"  >\n\t<div class=\"vc_col-sm-12 wpb_column vc_column_container \">\n\t\t<div class=\"wpb_wrapper\">\n\t\t\t<div class=\"vc_separator wpb_content_element vc_sep_width_100 vc_sep_border_width_4 vc_sep_pos_align_center vc_separator_no_text vc_sep_color_peacoc\">\n\t<span class=\"vc_sep_holder vc_sep_holder_l\"><span class=\"vc_sep_line\"><\/span><\/span>\n\t\t<span class=\"vc_sep_holder vc_sep_holder_r\"><span class=\"vc_sep_line\"><\/span><\/span>\n<\/div>\n\n\n\t\t<\/div> \n\t<\/div> \n<\/div><div class=\"opn-row-pre-element\" data-opn_enable_overlay=\"\" data-id=\"\" data-gutter=\"\"><\/div>\n","protected":false},"excerpt":{"rendered":"\/****************************************** - PREPARE PLACEHOLDER FOR SLIDER - ******************************************\/ var setREVStartSize = function() { var tpopt = new Object(); tpopt.startwidth = 1349; tpopt.startheight = 450; tpopt.container = jQuery('#rev_slider_9_2'); tpopt.fullScreen = \"off\"; tpopt.forceFullWidth=\"off\"; tpopt.container.closest(\".rev_slider_wrapper\").css({height:tpopt.container.height()});tpopt.width=parseInt(tpopt.container.width(),0);tpopt.height=parseInt(tpopt.container.height(),0);tpopt.bw=tpopt.width\/tpopt.startwidth;tpopt.bh=tpopt.height\/tpopt.startheight;if(tpopt.bh>tpopt.bw)tpopt.bh=tpopt.bw;if(tpopt.bh1){tpopt.bw=1;tpopt.bh=1}tpopt.height=Math.round(tpopt.startheight*(tpopt.width\/tpopt.startwidth));if(tpopt.height>tpopt.startheight&&tpopt.autoHeight!=\"on\")tpopt.height=tpopt.startheight;if(tpopt.fullScreen==\"on\"){tpopt.height=tpopt.bw*tpopt.startheight;var cow=tpopt.container.parent().width();var coh=jQuery(window).height();if(tpopt.fullScreenOffsetContainer!=undefined){try{var offcontainers=tpopt.fullScreenOffsetContainer.split(\",\");jQuery.each(offcontainers,function(e,t){coh=coh-jQuery(t).outerHeight(true);if(coh","protected":false},"author":2,"featured_media":0,"parent":0,"menu_order":0,"comment_status":"closed","ping_status":"open","template":"","meta":{"footnotes":""},"class_list":["post-7640","page","type-page","status-publish","hentry"],"_links":{"self":[{"href":"https:\/\/www.ggb.vn\/index.php?rest_route=\/wp\/v2\/pages\/7640","targetHints":{"allow":["GET"]}}],"collection":[{"href":"https:\/\/www.ggb.vn\/index.php?rest_route=\/wp\/v2\/pages"}],"about":[{"href":"https:\/\/www.ggb.vn\/index.php?rest_route=\/wp\/v2\/types\/page"}],"author":[{"embeddable":true,"href":"https:\/\/www.ggb.vn\/index.php?rest_route=\/wp\/v2\/users\/2"}],"replies":[{"embeddable":true,"href":"https:\/\/www.ggb.vn\/index.php?rest_route=%2Fwp%2Fv2%2Fcomments&post=7640"}],"version-history":[{"count":17,"href":"https:\/\/www.ggb.vn\/index.php?rest_route=\/wp\/v2\/pages\/7640\/revisions"}],"predecessor-version":[{"id":8957,"href":"https:\/\/www.ggb.vn\/index.php?rest_route=\/wp\/v2\/pages\/7640\/revisions\/8957"}],"wp:attachment":[{"href":"https:\/\/www.ggb.vn\/index.php?rest_route=%2Fwp%2Fv2%2Fmedia&parent=7640"}],"curies":[{"name":"wp","href":"https:\/\/api.w.org\/{rel}","templated":true}]}}