{"id":8976,"date":"2021-07-20T09:16:09","date_gmt":"2021-07-20T02:16:09","guid":{"rendered":"http:\/\/www.ggb.vn\/?page_id=8976"},"modified":"2021-07-20T09:44:25","modified_gmt":"2021-07-20T02:44:25","slug":"he-thong-laser-trong-long-mach","status":"publish","type":"page","link":"http:\/\/www.ggb.vn\/?page_id=8976","title":{"rendered":"H\u1ec7 th\u1ed1ng laser trong l\u00f2ng m\u1ea1ch"},"content":{"rendered":"<div class=\"vc_row wpb_row vc_row-fluid\"  >\n\t<div class=\"vc_col-sm-12 wpb_column vc_column_container \">\n\t\t<div class=\"wpb_wrapper\">\n\t\t\t<div class=\"wpb_revslider_element wpb_content_element\">\n<div id=\"rev_slider_9_1_wrapper\" class=\"rev_slider_wrapper fullwidthbanner-container\" style=\"margin:0px auto;background-color:#E9E9E9;padding:0px;margin-top:0px;margin-bottom:0px;max-height:450px;\">\n<!-- START REVOLUTION SLIDER 4.6.3 fullwidth mode -->\n\t<div id=\"rev_slider_9_1\" class=\"rev_slider fullwidthabanner\" style=\"display:none;max-height:450px;height:450px;\">\n<ul>\t<!-- SLIDE  -->\n\t<li data-transition=\"random-premium,random\" data-slotamount=\"7\" data-masterspeed=\"300\"  data-saveperformance=\"off\" >\n\t\t<!-- MAIN IMAGE -->\n\t\t<img decoding=\"async\" src=\"http:\/\/www.ggb.vn\/wp-content\/uploads\/dat-stent.jpg\"  alt=\"\"  data-bgposition=\"left top\" data-kenburns=\"on\" data-duration=\"9000\" data-ease=\"Linear.easeNone\" data-bgfit=\"100\" data-bgfitend=\"100\" data-bgpositionend=\"right bottom\">\n\t\t<!-- LAYERS -->\n\t<\/li>\n\t<!-- SLIDE  -->\n\t<li data-transition=\"random-premium,random\" data-slotamount=\"7\" data-masterspeed=\"300\"  data-saveperformance=\"off\" >\n\t\t<!-- MAIN IMAGE -->\n\t\t<img decoding=\"async\" src=\"http:\/\/www.ggb.vn\/wp-content\/uploads\/dat-stent.jpg\"  alt=\"\"  data-bgposition=\"left top\" data-kenburns=\"on\" data-duration=\"9000\" data-ease=\"Linear.easeNone\" data-bgfit=\"100\" data-bgfitend=\"100\" data-bgpositionend=\"right bottom\">\n\t\t<!-- LAYERS -->\n\t<\/li>\n<\/ul>\n<div class=\"tp-bannertimer\"><\/div>\t<\/div>\n\t\t\t\n\n\t\t\t<style scoped><\/style>\n\n\t\t\t<script type=\"text\/javascript\">\n\n\t\t\t\t\/******************************************\n\t\t\t\t\t-\tPREPARE PLACEHOLDER FOR SLIDER\t-\n\t\t\t\t******************************************\/\n\t\t\t\t\n\n\t\t\t\tvar setREVStartSize = function() {\n\t\t\t\t\tvar\ttpopt = new Object();\n\t\t\t\t\t\ttpopt.startwidth = 1349;\n\t\t\t\t\t\ttpopt.startheight = 450;\n\t\t\t\t\t\ttpopt.container = jQuery('#rev_slider_9_1');\n\t\t\t\t\t\ttpopt.fullScreen = \"off\";\n\t\t\t\t\t\ttpopt.forceFullWidth=\"off\";\n\n\t\t\t\t\ttpopt.container.closest(\".rev_slider_wrapper\").css({height:tpopt.container.height()});tpopt.width=parseInt(tpopt.container.width(),0);tpopt.height=parseInt(tpopt.container.height(),0);tpopt.bw=tpopt.width\/tpopt.startwidth;tpopt.bh=tpopt.height\/tpopt.startheight;if(tpopt.bh>tpopt.bw)tpopt.bh=tpopt.bw;if(tpopt.bh<tpopt.bw)tpopt.bw=tpopt.bh;if(tpopt.bw<tpopt.bh)tpopt.bh=tpopt.bw;if(tpopt.bh>1){tpopt.bw=1;tpopt.bh=1}if(tpopt.bw>1){tpopt.bw=1;tpopt.bh=1}tpopt.height=Math.round(tpopt.startheight*(tpopt.width\/tpopt.startwidth));if(tpopt.height>tpopt.startheight&&tpopt.autoHeight!=\"on\")tpopt.height=tpopt.startheight;if(tpopt.fullScreen==\"on\"){tpopt.height=tpopt.bw*tpopt.startheight;var cow=tpopt.container.parent().width();var coh=jQuery(window).height();if(tpopt.fullScreenOffsetContainer!=undefined){try{var offcontainers=tpopt.fullScreenOffsetContainer.split(\",\");jQuery.each(offcontainers,function(e,t){coh=coh-jQuery(t).outerHeight(true);if(coh<tpopt.minFullScreenHeight)coh=tpopt.minFullScreenHeight})}catch(e){}}tpopt.container.parent().height(coh);tpopt.container.height(coh);tpopt.container.closest(\".rev_slider_wrapper\").height(coh);tpopt.container.closest(\".forcefullwidth_wrapper_tp_banner\").find(\".tp-fullwidth-forcer\").height(coh);tpopt.container.css({height:\"100%\"});tpopt.height=coh;}else{tpopt.container.height(tpopt.height);tpopt.container.closest(\".rev_slider_wrapper\").height(tpopt.height);tpopt.container.closest(\".forcefullwidth_wrapper_tp_banner\").find(\".tp-fullwidth-forcer\").height(tpopt.height);}\n\t\t\t\t};\n\n\t\t\t\t\/* CALL PLACEHOLDER *\/\n\t\t\t\tsetREVStartSize();\n\n\n\t\t\t\tvar tpj=jQuery;\n\t\t\t\ttpj.noConflict();\n\t\t\t\tvar revapi9;\n\n\t\t\t\ttpj(document).ready(function() {\n\n\t\t\t\tif(tpj('#rev_slider_9_1').revolution == undefined){\n\t\t\t\t\trevslider_showDoubleJqueryError('#rev_slider_9_1');\n\t\t\t\t}else{\n\t\t\t\t   revapi9 = tpj('#rev_slider_9_1').show().revolution(\n\t\t\t\t\t{\t\n\t\t\t\t\t\t\t\t\t\t\t\tdottedOverlay:\"none\",\n\t\t\t\t\t\tdelay:9000,\n\t\t\t\t\t\tstartwidth:1349,\n\t\t\t\t\t\tstartheight:450,\n\t\t\t\t\t\thideThumbs:200,\n\n\t\t\t\t\t\tthumbWidth:100,\n\t\t\t\t\t\tthumbHeight:50,\n\t\t\t\t\t\tthumbAmount:1,\n\t\t\t\t\t\t\n\t\t\t\t\t\t\t\t\t\t\t\t\n\t\t\t\t\t\tsimplifyAll:\"off\",\n\n\t\t\t\t\t\tnavigationType:\"bullet\",\n\t\t\t\t\t\tnavigationArrows:\"solo\",\n\t\t\t\t\t\tnavigationStyle:\"round\",\n\n\t\t\t\t\t\ttouchenabled:\"on\",\n\t\t\t\t\t\tonHoverStop:\"on\",\n\t\t\t\t\t\tnextSlideOnWindowFocus:\"off\",\n\n\t\t\t\t\t\tswipe_threshold: 75,\n\t\t\t\t\t\tswipe_min_touches: 1,\n\t\t\t\t\t\tdrag_block_vertical: false,\n\t\t\t\t\t\t\n\t\t\t\t\t\t\t\t\t\t\t\t\n\t\t\t\t\t\t\t\t\t\t\t\t\n\t\t\t\t\t\tkeyboardNavigation:\"off\",\n\n\t\t\t\t\t\tnavigationHAlign:\"center\",\n\t\t\t\t\t\tnavigationVAlign:\"bottom\",\n\t\t\t\t\t\tnavigationHOffset:0,\n\t\t\t\t\t\tnavigationVOffset:20,\n\n\t\t\t\t\t\tsoloArrowLeftHalign:\"left\",\n\t\t\t\t\t\tsoloArrowLeftValign:\"center\",\n\t\t\t\t\t\tsoloArrowLeftHOffset:20,\n\t\t\t\t\t\tsoloArrowLeftVOffset:0,\n\n\t\t\t\t\t\tsoloArrowRightHalign:\"right\",\n\t\t\t\t\t\tsoloArrowRightValign:\"center\",\n\t\t\t\t\t\tsoloArrowRightHOffset:20,\n\t\t\t\t\t\tsoloArrowRightVOffset:0,\n\n\t\t\t\t\t\tshadow:0,\n\t\t\t\t\t\tfullWidth:\"on\",\n\t\t\t\t\t\tfullScreen:\"off\",\n\n\t\t\t\t\t\t\t\t\t\t\t\tspinner:\"spinner0\",\n\t\t\t\t\t\t\t\t\t\t\t\t\n\t\t\t\t\t\tstopLoop:\"off\",\n\t\t\t\t\t\tstopAfterLoops:-1,\n\t\t\t\t\t\tstopAtSlide:-1,\n\n\t\t\t\t\t\tshuffle:\"off\",\n\n\t\t\t\t\t\tautoHeight:\"off\",\n\t\t\t\t\t\tforceFullWidth:\"off\",\n\t\t\t\t\t\t\n\t\t\t\t\t\t\n\t\t\t\t\t\t\n\t\t\t\t\t\thideThumbsOnMobile:\"off\",\n\t\t\t\t\t\thideNavDelayOnMobile:1500,\n\t\t\t\t\t\thideBulletsOnMobile:\"off\",\n\t\t\t\t\t\thideArrowsOnMobile:\"off\",\n\t\t\t\t\t\thideThumbsUnderResolution:0,\n\n\t\t\t\t\t\t\t\t\t\t\t\thideSliderAtLimit:0,\n\t\t\t\t\t\thideCaptionAtLimit:0,\n\t\t\t\t\t\thideAllCaptionAtLilmit:0,\n\t\t\t\t\t\tstartWithSlide:0\t\t\t\t\t});\n\n\n\n\t\t\t\t\t\t\t\t\t}\n\t\t\t\t});\t\/*ready*\/\n\n\t\t\t<\/script>\n\n\n\t\t\t<\/div><!-- END REVOLUTION SLIDER --><\/div>\n\n\t\t<\/div> \n\t<\/div> \n<\/div><div class=\"opn-row-pre-element\" data-opn_enable_overlay=\"\" data-id=\"\" data-gutter=\"\"><\/div>\t<div class=\"vc_row wpb_row vc_row-fluid\"  >\n\t<div class=\"vc_col-sm-12 wpb_column vc_column_container \">\n\t\t<div class=\"wpb_wrapper\">\n\t\t\t<div class=\"vc_separator wpb_content_element vc_sep_width_100 vc_sep_border_width_4 vc_sep_pos_align_center vc_separator_no_text vc_sep_color_peacoc\">\n\t<span class=\"vc_sep_holder vc_sep_holder_l\"><span class=\"vc_sep_line\"><\/span><\/span>\n\t\t<span class=\"vc_sep_holder vc_sep_holder_r\"><span class=\"vc_sep_line\"><\/span><\/span>\n<\/div>\n\n\n\t\t<\/div> \n\t<\/div> \n<\/div><div class=\"opn-row-pre-element\" data-opn_enable_overlay=\"\" data-id=\"\" data-gutter=\"\"><\/div>\t<div class=\"vc_row wpb_row vc_row-fluid\"  >\n\t<div class=\"vc_col-sm-6 wpb_column vc_column_container \">\n\t\t<div class=\"wpb_wrapper\">\n\t\t\t\n\t<div class=\"wpb_text_column wpb_content_element \">\n\t\t<div class=\"wpb_wrapper\">\n\t\t\t<h2>H\u1ec7 th\u1ed1ng \u0111i\u1ec1u tr\u1ecb laser trong l\u00f2ng m\u1ea1ch\u00a0<strong>NEOV1470<\/strong><\/h2>\n<p><strong>a. Ph\u1ea7n c\u1ee9ng:<\/strong><br \/>\n\u2013 H\u1ec7 th\u1ed1ng laser c\u00f3 d\u1ea3i b\u01b0\u1edbc s\u00f3ng: 1470 nm.<br \/>\n\u2013 S\u1eed d\u1ee5ng v\u1edbi s\u1ee3i ph\u00e1t quang chuy\u00ean d\u1ee5ng c\u00f4ng ngh\u1ec7 cao \u0111\u01b0\u1ee3c c\u1ea5p b\u1eb1ng s\u00e1ng ch\u1ebf, ph\u00f3ng tia to\u1ea3 tr\u00f2n 360o 1 v\u00f2ng v\u00e0 2 v\u00f2ng<br \/>\n\u2013 \u0110i\u1ec1u khi\u1ec3n vi x\u1eed l\u00fd<br \/>\n\u2013 C\u00f4ng su\u1ea5t ngu\u1ed3n (optical power): 12W<br \/>\n\u2013 C\u00f4ng su\u1ea5t ngu\u1ed3n quang (aiming beam): 650nm, 4mW, c\u00f3 th\u1ec3 \u0111i\u1ec1u ch\u1ec9nh \u0111\u1ed9 s\u00e1ng li\u00ean t\u1ee5c<br \/>\n\u2013 Kho\u1ea3ng xung: 0.01 \u2013 99.9 gi\u00e2y<br \/>\n\u2013 M\u00e0n h\u00ecnh hi\u1ec3n th\u1ecb LCD \u0111\u1ed9 ph\u00e2n gi\u1ea3i cao: theo ti\u00eau chu\u1ea9n CE \u0111\u1ed1i v\u1edbi \u0111i\u1ec7n t\u1eeb 89\/336\/EWG v\u00e0 EN 60601-1-2<br \/>\n\u2013 C\u00e1c ch\u1ebf \u0111\u1ed9 v\u1eadn h\u00e0nh: Xung, li\u00ean t\u1ee5c, \u0111o\u1ea1n ho\u1eb7c t\u00edn hi\u1ec7u<br \/>\n\u2013 Ngu\u1ed3n \u0111i\u1ec7n: 19 VDC, 4,7 A<br \/>\n\u2013 K\u00edch c\u1ee1 (CxDxR): 10cm x 22cm x 22cm<br \/>\n\u2013 Kh\u1ed1i l\u01b0\u1ee3ng: ~ 3,5 kg<br \/>\n\u2013 C\u00e0i \u0111\u1eb7t nhanh, s\u1eed d\u1ee5ng d\u1ec5 d\u00e0ng<br \/>\n\u2013 H\u1ec7 th\u1ed1ng m\u00e1y g\u1ecdn nh\u1eb9, d\u1ec5 di chuy\u1ec3n, c\u00f3 th\u1ec3 x\u00e1ch tay, r\u1ea5t ti\u1ec7n d\u1ee5ng cho ph\u00f2ng kh\u00e1m hay ph\u00f2ng m\u1ed5<br \/>\n<strong>b. Ph\u1ea7n m\u1ec1m :<\/strong><br \/>\nPh\u1ea7n m\u1ec1m: \u201cneo V\u201d Software \u2013 Pre-Settings for Accurate Dosage, Safety and Efficacy<\/p>\n\n\t\t<\/div> \n\t<\/div> \n\t\t<\/div> \n\t<\/div> \n\n\t<div class=\"vc_col-sm-6 wpb_column vc_column_container \">\n\t\t<div class=\"wpb_wrapper\">\n\t\t\t\n\t<div class=\"wpb_text_column wpb_content_element \">\n\t\t<div class=\"wpb_wrapper\">\n\t\t\t<p><a href=\"http:\/\/www.ggb.vn\/wp-content\/uploads\/DHF-001-R-009-Rev-5-Neolaser-neoV_vascular_2p_print_10_28_2015-011.png\"><img loading=\"lazy\" decoding=\"async\" class=\"alignnone size-full wp-image-8633\" src=\"http:\/\/www.ggb.vn\/wp-content\/uploads\/DHF-001-R-009-Rev-5-Neolaser-neoV_vascular_2p_print_10_28_2015-011.png\" alt=\"DHF-001-R-009 Rev 5 Neolaser-neoV_vascular_2p_print_10_28_2015-01\" width=\"2236\" height=\"1206\" srcset=\"http:\/\/www.ggb.vn\/wp-content\/uploads\/DHF-001-R-009-Rev-5-Neolaser-neoV_vascular_2p_print_10_28_2015-011.png 2236w, http:\/\/www.ggb.vn\/wp-content\/uploads\/DHF-001-R-009-Rev-5-Neolaser-neoV_vascular_2p_print_10_28_2015-011-300x162.png 300w, http:\/\/www.ggb.vn\/wp-content\/uploads\/DHF-001-R-009-Rev-5-Neolaser-neoV_vascular_2p_print_10_28_2015-011-1024x552.png 1024w\" sizes=\"auto, (max-width: 2236px) 100vw, 2236px\" \/><\/a><\/p>\n\n\t\t<\/div> \n\t<\/div> \n\t\t<\/div> \n\t<\/div> \n<\/div><div class=\"opn-row-pre-element\" data-opn_enable_overlay=\"\" data-id=\"\" data-gutter=\"\"><\/div>\t<div class=\"vc_row wpb_row vc_row-fluid\"  >\n\t<div class=\"vc_col-sm-12 wpb_column vc_column_container \">\n\t\t<div class=\"wpb_wrapper\">\n\t\t\t<div class=\"vc_separator wpb_content_element vc_sep_width_100 vc_sep_border_width_4 vc_sep_pos_align_center vc_separator_no_text vc_sep_color_peacoc\">\n\t<span class=\"vc_sep_holder vc_sep_holder_l\"><span class=\"vc_sep_line\"><\/span><\/span>\n\t\t<span class=\"vc_sep_holder vc_sep_holder_r\"><span class=\"vc_sep_line\"><\/span><\/span>\n<\/div>\n\n\n\t\t<\/div> \n\t<\/div> \n<\/div><div class=\"opn-row-pre-element\" data-opn_enable_overlay=\"\" data-id=\"\" data-gutter=\"\"><\/div>\t<div class=\"vc_row wpb_row vc_row-fluid\"  >\n\t<div class=\"vc_col-sm-6 wpb_column vc_column_container \">\n\t\t<div class=\"wpb_wrapper\">\n\t\t\t\n\t<div class=\"wpb_text_column wpb_content_element \">\n\t\t<div class=\"wpb_wrapper\">\n\t\t\t<p><a href=\"http:\/\/www.ggb.vn\/wp-content\/uploads\/Neov1940.jpg\"><img loading=\"lazy\" decoding=\"async\" class=\"alignnone size-full wp-image-8988\" src=\"http:\/\/www.ggb.vn\/wp-content\/uploads\/Neov1940.jpg\" alt=\"Neov1940\" width=\"889\" height=\"456\" srcset=\"http:\/\/www.ggb.vn\/wp-content\/uploads\/Neov1940.jpg 889w, http:\/\/www.ggb.vn\/wp-content\/uploads\/Neov1940-300x154.jpg 300w\" sizes=\"auto, (max-width: 889px) 100vw, 889px\" \/><\/a><\/p>\n\n\t\t<\/div> \n\t<\/div> \n\t\t<\/div> \n\t<\/div> \n\n\t<div class=\"vc_col-sm-6 wpb_column vc_column_container \">\n\t\t<div class=\"wpb_wrapper\">\n\t\t\t\n\t<div class=\"wpb_text_column wpb_content_element \">\n\t\t<div class=\"wpb_wrapper\">\n\t\t\t<h2>H\u1ec7 th\u1ed1ng \u0111i\u1ec1u tr\u1ecb laser trong l\u00f2ng m\u1ea1ch NEOV1940<\/h2>\n<p>&#8211; Lo\u1ea1i Laser: Laser diode<br \/>\n&#8211; B\u01b0\u1edbc s\u00f3ng 1940nm, kh\u1ea3 n\u0103ng h\u1ea5p thu n\u01b0\u1edbc trong m\u00e1u v\u00e0 th\u00e0nh t\u0129nh m\u1ea1ch cao g\u1ea5p 3 l\u1ea7n h\u1ec7 th\u1ed1ng s\u1eed d\u1ee5ng b\u01b0\u1edbc s\u00f3ng 1470nm.<br \/>\n&#8211; K\u1ebft n\u1ed1i v\u1edbi nhi\u1ec1u lo\u1ea1i s\u1ee3i quang fiber v\u1edbi nhi\u1ec1u k\u00edch c\u1ee1 kh\u00e1c nhau t\u00f9y theo lo\u1ea1i ph\u1eabu thu\u1eadt v\u00e0 b\u1ec7nh l\u00fd b\u1ec7nh nh\u00e2n<br \/>\n&#8211; M\u1ee9c n\u0103ng l\u01b0\u1ee3ng t\u1ed1i \u0111a t\u1ea1i \u0111\u1ea7u s\u1ee3i quang: 6W<br \/>\n&#8211; K\u00edch th\u01b0\u1edbc : 10cm x 22cm x 22cm<br \/>\n&#8211; Tr\u1ecdng l\u01b0\u1ee3ng: 3.5kg<br \/>\n&#8211; Ngu\u1ed3n cung c\u1ea5p: 100-240 V, 50\/60Hz.<br \/>\nCh\u00f9m tia:<br \/>\n&#8211; B\u01b0\u1edbc s\u00f3ng 635-650nm<br \/>\n&#8211; Xung li\u00ean t\u1ee5c (CW &#8211; Continuous wave) t\u1eeb 10ms t\u1edbi 30s<br \/>\n&#8211; Kh\u1ed1i l\u01b0\u1ee3ng: ~ 3,5 kg<br \/>\n&#8211; C\u00e0i \u0111\u1eb7t nhanh, s\u1eed d\u1ee5ng d\u1ec5 d\u00e0ng<br \/>\n&#8211; H\u1ec7 th\u1ed1ng m\u00e1y g\u1ecdn nh\u1eb9, d\u1ec5 di chuy\u1ec3n, c\u00f3 th\u1ec3 x\u00e1ch tay, r\u1ea5t ti\u1ec7n d\u1ee5ng cho ph\u00f2ng kh\u00e1m hay ph\u00f2ng m\u1ed5<\/p>\n\n\t\t<\/div> \n\t<\/div> \n\t\t<\/div> \n\t<\/div> \n<\/div><div class=\"opn-row-pre-element\" data-opn_enable_overlay=\"\" data-id=\"\" data-gutter=\"\"><\/div>\n","protected":false},"excerpt":{"rendered":"\/****************************************** - PREPARE PLACEHOLDER FOR SLIDER - ******************************************\/ var setREVStartSize = function() { var tpopt = new Object(); tpopt.startwidth = 1349; tpopt.startheight = 450; tpopt.container = jQuery('#rev_slider_9_2'); tpopt.fullScreen = \"off\"; tpopt.forceFullWidth=\"off\"; tpopt.container.closest(\".rev_slider_wrapper\").css({height:tpopt.container.height()});tpopt.width=parseInt(tpopt.container.width(),0);tpopt.height=parseInt(tpopt.container.height(),0);tpopt.bw=tpopt.width\/tpopt.startwidth;tpopt.bh=tpopt.height\/tpopt.startheight;if(tpopt.bh>tpopt.bw)tpopt.bh=tpopt.bw;if(tpopt.bh1){tpopt.bw=1;tpopt.bh=1}tpopt.height=Math.round(tpopt.startheight*(tpopt.width\/tpopt.startwidth));if(tpopt.height>tpopt.startheight&&tpopt.autoHeight!=\"on\")tpopt.height=tpopt.startheight;if(tpopt.fullScreen==\"on\"){tpopt.height=tpopt.bw*tpopt.startheight;var cow=tpopt.container.parent().width();var coh=jQuery(window).height();if(tpopt.fullScreenOffsetContainer!=undefined){try{var offcontainers=tpopt.fullScreenOffsetContainer.split(\",\");jQuery.each(offcontainers,function(e,t){coh=coh-jQuery(t).outerHeight(true);if(coh","protected":false},"author":3,"featured_media":0,"parent":0,"menu_order":0,"comment_status":"open","ping_status":"open","template":"","meta":{"footnotes":""},"class_list":["post-8976","page","type-page","status-publish","hentry"],"_links":{"self":[{"href":"http:\/\/www.ggb.vn\/index.php?rest_route=\/wp\/v2\/pages\/8976","targetHints":{"allow":["GET"]}}],"collection":[{"href":"http:\/\/www.ggb.vn\/index.php?rest_route=\/wp\/v2\/pages"}],"about":[{"href":"http:\/\/www.ggb.vn\/index.php?rest_route=\/wp\/v2\/types\/page"}],"author":[{"embeddable":true,"href":"http:\/\/www.ggb.vn\/index.php?rest_route=\/wp\/v2\/users\/3"}],"replies":[{"embeddable":true,"href":"http:\/\/www.ggb.vn\/index.php?rest_route=%2Fwp%2Fv2%2Fcomments&post=8976"}],"version-history":[{"count":4,"href":"http:\/\/www.ggb.vn\/index.php?rest_route=\/wp\/v2\/pages\/8976\/revisions"}],"predecessor-version":[{"id":8991,"href":"http:\/\/www.ggb.vn\/index.php?rest_route=\/wp\/v2\/pages\/8976\/revisions\/8991"}],"wp:attachment":[{"href":"http:\/\/www.ggb.vn\/index.php?rest_route=%2Fwp%2Fv2%2Fmedia&parent=8976"}],"curies":[{"name":"wp","href":"https:\/\/api.w.org\/{rel}","templated":true}]}}